{"id":9,"date":"2022-10-06T11:47:55","date_gmt":"2022-10-06T09:47:55","guid":{"rendered":"http:\/\/ias-gmbh.org\/?page_id=9"},"modified":"2022-10-07T21:55:43","modified_gmt":"2022-10-07T19:55:43","slug":"impressum","status":"publish","type":"page","link":"http:\/\/www.ias-gmbh.org\/?page_id=9","title":{"rendered":"Impressum"},"content":{"rendered":"\n<p>ImmoArt Services GmbH<br>Hinacker 5a<br>40489 D\u00fcsseldorf<br>Tel: 0211 98481450<br>Fax: 0211 98481451<br>E-Mail: kontakt@ias-gmbh.org<br>Anschrift: Immoart Services GmbH <br>Hinacker 5a <br>40489 D\u00fcsseldorf <br><br>Kontakt: Telefon: +49 (0)211 984 814 &#8211; 50 <br>Telefax: +49 (0)211 984 814 &#8211; 51 <br>E-Mail: kontakt@ias-gmbh.org<br>Gesch\u00e4ftsf\u00fchrung: Elfie Garden <br>Sitz der Gesellschaft: D\u00fcsseldorf<br>Handelsregister Amtsgericht D\u00fcsseldorf HRB 96527 <br>Umsatzsteuer-ID: DE 307 102 83<br><br>Aufsichtsbeh\u00f6rde: Stadt D\u00fcsseldorf, Ordnungsamt, Heinrich-Erhardt-Str. 61, 40468 D\u00fcsseldorf, Tel.: 0211-8991 Genehmigung nach \u00a7 34 c GewO erteilt durch die Stadt D\u00fcsseldorf, www.duesseldorf.de Beschwerdeverfahren \u00fcber die OS-Plattform: Verbraucher haben die M\u00f6glichkeit, in Streitf\u00e4llen \u00fcber <a href=\"http:\/\/www.ec.europa.eu\/consumers\/odr\" data-type=\"URL\" data-id=\"www.ec.europa.eu\/consumers\/odr\" target=\"_blank\" rel=\"noreferrer noopener\">diesen Link<\/a> zur europ\u00e4ischen OS Plattform eine au\u00dfergerichtliche Streitbeilegung herbeizuf\u00fchren. Wir sind weder bereit noch verpflichtet, an Streitbeilegungsverfahren vor einer Verbraucherschlichtungsstelle teilzunehmen. Inhaltlich Verantwortlicher gem\u00e4\u00df \u00a7 55 II RStV: Elfie Garden<\/p>\n","protected":false},"excerpt":{"rendered":"<p>ImmoArt Services GmbHHinacker 5a40489 D\u00fcsseldorfTel: 0211 98481450Fax: 0211 98481451E-Mail: kontakt@ias-gmbh.orgAnschrift: Immoart Services GmbH Hinacker 5a 40489 D\u00fcsseldorf Kontakt: Telefon: +49 (0)211 984 814 &#8211; 50 Telefax: +49 (0)211 984 814 &#8211; 51 E-Mail: kontakt@ias-gmbh.orgGesch\u00e4ftsf\u00fchrung: Elfie Garden Sitz der Gesellschaft: D\u00fcsseldorfHandelsregister Amtsgericht D\u00fcsseldorf HRB 96527 Umsatzsteuer-ID: DE 307 102 83 Aufsichtsbeh\u00f6rde: Stadt D\u00fcsseldorf, Ordnungsamt, Heinrich-Erhardt-Str. 61, [&hellip;]<\/p>\n","protected":false},"author":1,"featured_media":0,"parent":0,"menu_order":0,"comment_status":"closed","ping_status":"closed","template":"","meta":{"footnotes":""},"class_list":["post-9","page","type-page","status-publish","hentry"],"_links":{"self":[{"href":"http:\/\/www.ias-gmbh.org\/index.php?rest_route=\/wp\/v2\/pages\/9","targetHints":{"allow":["GET"]}}],"collection":[{"href":"http:\/\/www.ias-gmbh.org\/index.php?rest_route=\/wp\/v2\/pages"}],"about":[{"href":"http:\/\/www.ias-gmbh.org\/index.php?rest_route=\/wp\/v2\/types\/page"}],"author":[{"embeddable":true,"href":"http:\/\/www.ias-gmbh.org\/index.php?rest_route=\/wp\/v2\/users\/1"}],"replies":[{"embeddable":true,"href":"http:\/\/www.ias-gmbh.org\/index.php?rest_route=%2Fwp%2Fv2%2Fcomments&post=9"}],"version-history":[{"count":2,"href":"http:\/\/www.ias-gmbh.org\/index.php?rest_route=\/wp\/v2\/pages\/9\/revisions"}],"predecessor-version":[{"id":45,"href":"http:\/\/www.ias-gmbh.org\/index.php?rest_route=\/wp\/v2\/pages\/9\/revisions\/45"}],"wp:attachment":[{"href":"http:\/\/www.ias-gmbh.org\/index.php?rest_route=%2Fwp%2Fv2%2Fmedia&parent=9"}],"curies":[{"name":"wp","href":"https:\/\/api.w.org\/{rel}","templated":true}]}}