{"id":2,"date":"2022-10-05T14:16:15","date_gmt":"2022-10-05T12:16:15","guid":{"rendered":"http:\/\/ias-gmbh.org\/?page_id=2"},"modified":"2022-10-06T12:14:57","modified_gmt":"2022-10-06T10:14:57","slug":"sample-page","status":"publish","type":"page","link":"http:\/\/www.ias-gmbh.org\/?page_id=2","title":{"rendered":"Widerrufsbelehrung"},"content":{"rendered":"\n<p><br>Widerrufsrecht f\u00fcr Verbraucher *<br>Sie haben das Recht, binnen vierzehn Tagen ohne Angabe von Gr\u00fcnden diesen Vertrag zu widerrufen. Die Widerrufsfrist betr\u00e4gt vierzehn Tage ab dem Tag des Vertragsabschlusses.<\/p>\n\n\n\n<p><br>Um Ihr Widerrufsrecht auszu\u00fcben, m\u00fcssen Sie uns (ImmoArt Services GmbH, Hinacker 5a, 40489 D\u00fcsseldorf, Tel.: 0211\/98 48 -14 50, Fax: 0211\/98 48 &#8211; 14 51, E-Mail: kontakt@ias-gmbH.org) mittels einer eindeutigen Erkl\u00e4rung (z.B. ein mit der Post versandter Brief, Telefax oder E-Mail) \u00fcber Ihren Entschluss, diesen Vertrag zu widerrufen, informieren.<\/p>\n\n\n\n<p><br>Sie k\u00f6nnen daf\u00fcr das nachfolgende Muster-Widerrufsformular verwenden, das jedoch nicht vorgeschrieben ist. Zur Wahrung der Widerrufsfrist reicht es aus, dass Sie die Mitteilung \u00fcber die Aus\u00fcbung des Widerrufsrechts vor Ablauf der Widerrufsfrist absenden.<\/p>\n\n\n\n<p>Folgen des Widerrufs<br>Wenn Sie diesen Vertrag widerrufen, haben wir Ihnen alle Zahlungen, die wir von Ihnen erhalten haben, einschlie\u00dflich der Lieferkosten (mit Ausnahme der zus\u00e4tzlichen Kosten, die sich daraus ergeben, dass Sie eine andere Art der Lieferung als die von uns angebotene, g\u00fcnstigste Standardlieferung gew\u00e4hlt haben), unverz\u00fcglich und sp\u00e4testens binnen vierzehn Tagen ab dem Tag zur\u00fcckzuzahlen, an dem die Mitteilung \u00fcber Ihren Widerruf dieses Vertrags bei uns eingegangen ist. F\u00fcr diese R\u00fcckzahlung verwenden wir dasselbe Zahlungsmittel, das Sie bei der urspr\u00fcnglichen Transaktion eingesetzt haben, es sei denn, mit Ihnen wurde ausdr\u00fccklich etwas anderes vereinbart; in keinem Fall werden Ihnen wegen dieser R\u00fcckzahlung Entgelte berechnet. Haben Sie verlangt, dass die Dienstleistungen w\u00e4hrend der Widerrufsfrist beginnen sollen, so haben Sie uns einen angemessenen Betrag zu zahlen, der dem Anteil der bis zu dem Zeitpunkt, zu dem Sie uns von der Aus\u00fcbung des Widerrufsrechts hinsichtlich dieses Vertrags unterrichten, bereits erbrachten Dienstleistungen im Vergleich zum Gesamtumfang der im Vertrag vorgesehenen Dienstleistungen entspricht.<\/p>\n\n\n\n<p>Ende der Widerrufsbelehrung<\/p>\n\n\n\n<ul class=\"wp-block-list\"><li>Bitte beachten Sie folgenden Hinweis zum Verbraucherbegriff:<br>Verbraucher ist jede nat\u00fcrliche Person, die ein Rechtsgesch\u00e4ft zu Zwecken abschlie\u00dft, die \u00fcberwiegend weder ihrer gewerblichen noch ihrer selbst\u00e4ndigen beruflichen T\u00e4tigkeit zugerechnet werden k\u00f6nnen (\u00a7 13 BGB).<\/li><\/ul>\n\n\n\n<p><\/p>\n\n\n\n<p><\/p>\n\n\n\n<p>Muster-Widerrufsformular<br>(Wenn Sie den Vertrag widerrufen wollen, dann f\u00fcllen Sie bitte dieses Formular aus und senden Sie es an ImmoArt Services GmbH zur\u00fcck)<\/p>\n\n\n\n<p>An: ImmoArt Services GmbH<br>Hinacker 5a, 40489 D\u00fcsseldorf<br>Fax: 0211 98 48-141, E-Mail: kontakt@ias-gmbh.org<\/p>\n\n\n\n<p>Hiermit widerrufe\/n ich\/wir (<strong>) den von mir\/uns (<\/strong>) abgeschlossenen Vertrag \u00fcber die Erbringung der<br>folgenden Dienstleistung:<\/p>\n\n\n\n<p>Gew\u00fcnschte Maklerdienstleistung:<\/p>\n\n\n\n<hr class=\"wp-block-separator has-alpha-channel-opacity\"\/>\n\n\n\n<p>Bestellt am (**): <strong><em><strong><em>_______________________________________________<\/em><\/strong><\/em><\/strong><\/p>\n\n\n\n<p>Erhalten am (**): <strong><em><strong><em>_______________________________________________<\/em><\/strong><\/em><\/strong><\/p>\n\n\n\n<p>Name der\/des Verbraucher(s):<\/p>\n\n\n\n<hr class=\"wp-block-separator has-alpha-channel-opacity\"\/>\n\n\n\n<p>Anschrift der\/des Verbraucher(s):<\/p>\n\n\n\n<hr class=\"wp-block-separator has-alpha-channel-opacity\"\/>\n\n\n\n<hr class=\"wp-block-separator has-alpha-channel-opacity\"\/>\n\n\n\n<p>Unterschrift der\/des Verbraucher(s): (nur bei Mitteilung auf Papier)<\/p>\n\n\n\n<hr class=\"wp-block-separator has-alpha-channel-opacity\"\/>\n\n\n\n<p>Datum:<\/p>\n\n\n\n<hr class=\"wp-block-separator has-alpha-channel-opacity\"\/>\n\n\n\n<p>(**) unzutreffendes bitte streichen<\/p>\n","protected":false},"excerpt":{"rendered":"<p>Widerrufsrecht f\u00fcr Verbraucher *Sie haben das Recht, binnen vierzehn Tagen ohne Angabe von Gr\u00fcnden diesen Vertrag zu widerrufen. Die Widerrufsfrist betr\u00e4gt vierzehn Tage ab dem Tag des Vertragsabschlusses. Um Ihr Widerrufsrecht auszu\u00fcben, m\u00fcssen Sie uns (ImmoArt Services GmbH, Hinacker 5a, 40489 D\u00fcsseldorf, Tel.: 0211\/98 48 -14 50, Fax: 0211\/98 48 &#8211; 14 51, E-Mail: kontakt@ias-gmbH.org) [&hellip;]<\/p>\n","protected":false},"author":1,"featured_media":0,"parent":0,"menu_order":0,"comment_status":"closed","ping_status":"open","template":"","meta":{"footnotes":""},"class_list":["post-2","page","type-page","status-publish","hentry"],"_links":{"self":[{"href":"http:\/\/www.ias-gmbh.org\/index.php?rest_route=\/wp\/v2\/pages\/2","targetHints":{"allow":["GET"]}}],"collection":[{"href":"http:\/\/www.ias-gmbh.org\/index.php?rest_route=\/wp\/v2\/pages"}],"about":[{"href":"http:\/\/www.ias-gmbh.org\/index.php?rest_route=\/wp\/v2\/types\/page"}],"author":[{"embeddable":true,"href":"http:\/\/www.ias-gmbh.org\/index.php?rest_route=\/wp\/v2\/users\/1"}],"replies":[{"embeddable":true,"href":"http:\/\/www.ias-gmbh.org\/index.php?rest_route=%2Fwp%2Fv2%2Fcomments&post=2"}],"version-history":[{"count":1,"href":"http:\/\/www.ias-gmbh.org\/index.php?rest_route=\/wp\/v2\/pages\/2\/revisions"}],"predecessor-version":[{"id":17,"href":"http:\/\/www.ias-gmbh.org\/index.php?rest_route=\/wp\/v2\/pages\/2\/revisions\/17"}],"wp:attachment":[{"href":"http:\/\/www.ias-gmbh.org\/index.php?rest_route=%2Fwp%2Fv2%2Fmedia&parent=2"}],"curies":[{"name":"wp","href":"https:\/\/api.w.org\/{rel}","templated":true}]}}